{"id":1159,"date":"2025-12-04T18:30:28","date_gmt":"2025-12-04T17:30:28","guid":{"rendered":"https:\/\/spanishconirene.com\/?page_id=1159"},"modified":"2025-12-04T18:34:00","modified_gmt":"2025-12-04T17:34:00","slug":"cookies","status":"publish","type":"page","link":"https:\/\/spanishconirene.com\/index.php\/cookies\/","title":{"rendered":"Cookies"},"content":{"rendered":"\t\t<div data-elementor-type=\"wp-page\" data-elementor-id=\"1159\" class=\"elementor elementor-1159\" data-elementor-post-type=\"page\">\n\t\t\t\t<div class=\"elementor-element elementor-element-5aa4548 e-con-full e-flex e-con e-parent\" data-id=\"5aa4548\" data-element_type=\"container\">\n\t\t\t\t<div class=\"elementor-element elementor-element-f9b4aa4 e-n-tabs-mobile elementor-widget elementor-widget-n-tabs\" data-id=\"f9b4aa4\" data-element_type=\"widget\" data-settings=\"{&quot;horizontal_scroll&quot;:&quot;disable&quot;}\" data-widget_type=\"nested-tabs.default\">\n\t\t\t\t\t\t\t<div class=\"e-n-tabs\" data-widget-number=\"261835428\" aria-label=\"Tabs. Open items with Enter or Space, close with Escape and navigate using the Arrow keys.\">\n\t\t\t<div class=\"e-n-tabs-heading\" role=\"tablist\">\n\t\t\t\t\t<button id=\"e-n-tab-title-2618354281\" data-tab-title-id=\"e-n-tab-title-2618354281\" class=\"e-n-tab-title\" aria-selected=\"true\" data-tab-index=\"1\" role=\"tab\" tabindex=\"0\" aria-controls=\"e-n-tab-content-2618354281\" style=\"--n-tabs-title-order: 1;\">\n\t\t\t\t\t\t<span class=\"e-n-tab-title-text\">\n\t\t\t\tCookies English\t\t\t<\/span>\n\t\t<\/button>\n\t\t\t\t<button id=\"e-n-tab-title-2618354282\" data-tab-title-id=\"e-n-tab-title-2618354282\" class=\"e-n-tab-title\" aria-selected=\"false\" data-tab-index=\"2\" role=\"tab\" tabindex=\"-1\" aria-controls=\"e-n-tab-content-2618354282\" style=\"--n-tabs-title-order: 2;\">\n\t\t\t\t\t\t<span class=\"e-n-tab-title-text\">\n\t\t\t\tCookies Espa\u00f1ol\t\t\t<\/span>\n\t\t<\/button>\n\t\t\t\t\t<\/div>\n\t\t\t<div class=\"e-n-tabs-content\">\n\t\t\t\t<div id=\"e-n-tab-content-2618354281\" role=\"tabpanel\" aria-labelledby=\"e-n-tab-title-2618354281\" data-tab-index=\"1\" style=\"--n-tabs-title-order: 1;\" class=\"e-active elementor-element elementor-element-50e6745 e-con-full e-flex e-con e-child\" data-id=\"50e6745\" data-element_type=\"container\">\n\t\t<div class=\"elementor-element elementor-element-2dd62f6 e-flex e-con-boxed e-con e-child\" data-id=\"2dd62f6\" data-element_type=\"container\">\n\t\t\t\t\t<div class=\"e-con-inner\">\n\t\t\t\t<div class=\"elementor-element elementor-element-16c379b elementor-widget elementor-widget-template\" data-id=\"16c379b\" data-element_type=\"widget\" data-widget_type=\"template.default\">\n\t\t\t\t<div class=\"elementor-widget-container\">\n\t\t\t\t\t\t\t<div class=\"elementor-template\">\n\t\t\t\t\t<div data-elementor-type=\"page\" data-elementor-id=\"1161\" class=\"elementor elementor-1161\" data-elementor-post-type=\"elementor_library\">\n\t\t\t\t<div class=\"elementor-element elementor-element-24f37ee5 e-flex e-con-boxed e-con e-parent\" data-id=\"24f37ee5\" data-element_type=\"container\">\n\t\t\t\t\t<div class=\"e-con-inner\">\n\t\t<div class=\"elementor-element elementor-element-47a428e3 e-con-full e-flex e-con e-child\" data-id=\"47a428e3\" data-element_type=\"container\">\n\t\t\t\t<div class=\"elementor-element elementor-element-4f2ff036 elementor-widget elementor-widget-heading\" data-id=\"4f2ff036\" data-element_type=\"widget\" data-widget_type=\"heading.default\">\n\t\t\t\t\t<span class=\"elementor-heading-title elementor-size-default\">Cookies Policy<\/span>\t\t\t\t<\/div>\n\t\t\t\t<\/div>\n\t\t<div class=\"elementor-element elementor-element-aab2004 e-con-full e-flex e-con e-child\" data-id=\"aab2004\" data-element_type=\"container\">\n\t\t\t\t<div class=\"elementor-element elementor-element-4fc5f901 elementor-widget elementor-widget-text-editor\" data-id=\"4fc5f901\" data-element_type=\"widget\" data-widget_type=\"text-editor.default\">\n\t\t\t\t\t\t\t\t\t<h2 data-start=\"912\" data-end=\"932\">What Are Cookies?<\/h2><p data-start=\"934\" data-end=\"1148\">Cookies are files that are downloaded to your device when you access certain websites. They allow, among other purposes, the storage and retrieval of information about the browsing habits of a user or their device.<\/p><p data-start=\"1150\" data-end=\"1313\">Cookies may also improve the navigation experience by enabling the website to provide personalized information based on the user\u2019s interactions and usage patterns.<\/p><p data-start=\"1315\" data-end=\"1499\">If you do not wish to receive cookies, you may configure your internet browser to delete them from your device\u2019s hard drive, block them, or notify you before any cookies are installed.<\/p><p data-start=\"1501\" data-end=\"1585\">To continue browsing without changing cookie settings, simply remain on the website.<\/p><hr data-start=\"1587\" data-end=\"1590\" \/><h2 data-start=\"1592\" data-end=\"1602\">Consent<\/h2><p data-start=\"1604\" data-end=\"1819\">The cookies we use do not store personal data or any information that may identify you, unless you voluntarily register to use the services offered on this website or subscribe to receive promotional communications.<\/p><p data-start=\"1821\" data-end=\"2033\">Upon your first visit to the website, an explanatory cookie banner will appear. If you continue browsing, you will be deemed to accept the use of cookies as described in this policy and under the specified terms.<\/p><p data-start=\"2035\" data-end=\"2181\">This consent will remain valid for <strong data-start=\"2070\" data-end=\"2083\">13 months<\/strong>. If you do not agree with our use of cookies, you may contact us at <strong data-start=\"2152\" data-end=\"2180\"><a class=\"decorated-link cursor-pointer\" rel=\"noopener\" data-start=\"2154\" data-end=\"2178\">hola@spanishconirene.com<\/a><\/strong>.<\/p><hr data-start=\"2183\" data-end=\"2186\" \/><h2 data-start=\"2188\" data-end=\"2219\">Types and Purpose of Cookies<\/h2><h3 data-start=\"2221\" data-end=\"2252\">According to their duration<\/h3><ul data-start=\"2254\" data-end=\"2539\"><li data-start=\"2254\" data-end=\"2389\"><p data-start=\"2256\" data-end=\"2389\"><strong data-start=\"2256\" data-end=\"2276\">Session cookies:<\/strong> These collect and store data while the user accesses the website. They are deleted once the browser is closed.<\/p><\/li><li data-start=\"2390\" data-end=\"2539\"><p data-start=\"2392\" data-end=\"2539\"><strong data-start=\"2392\" data-end=\"2415\">Persistent cookies:<\/strong> The collected data remains stored on the user&#8217;s device for a defined period, which may range from minutes to several years.<\/p><\/li><\/ul><h3 data-start=\"2541\" data-end=\"2571\">According to their purpose<\/h3><ul data-start=\"2573\" data-end=\"3293\"><li data-start=\"2573\" data-end=\"2743\"><p data-start=\"2575\" data-end=\"2743\"><strong data-start=\"2575\" data-end=\"2597\">Technical cookies:<\/strong> Enable website navigation and the use of its various features, including access to restricted areas, shopping processes, and security elements.<\/p><\/li><li data-start=\"2744\" data-end=\"2902\"><p data-start=\"2746\" data-end=\"2902\"><strong data-start=\"2746\" data-end=\"2774\">Personalization cookies:<\/strong> Allow access to the service with predefined characteristics such as language preferences, regional settings, or browser type.<\/p><\/li><li data-start=\"2903\" data-end=\"3037\"><p data-start=\"2905\" data-end=\"3037\"><strong data-start=\"2905\" data-end=\"2927\">Analytics cookies:<\/strong> Collect information about user behavior in order to analyze website usage and improve the services offered.<\/p><\/li><li data-start=\"3038\" data-end=\"3152\"><p data-start=\"3040\" data-end=\"3152\"><strong data-start=\"3040\" data-end=\"3064\">Advertising cookies:<\/strong> Manage advertising spaces efficiently, based on factors such as ad display frequency.<\/p><\/li><li data-start=\"3153\" data-end=\"3293\"><p data-start=\"3155\" data-end=\"3293\"><strong data-start=\"3155\" data-end=\"3190\">Behavioral advertising cookies:<\/strong> Store information about browsing habits to create a user profile and provide personalized advertising.<\/p><\/li><\/ul><hr data-start=\"3295\" data-end=\"3298\" \/><h2 data-start=\"3300\" data-end=\"3333\">How to Block or Delete Cookies<\/h2><p data-start=\"3335\" data-end=\"3435\">You may configure your browser settings to allow, block, or delete cookies installed on your device.<\/p><p data-start=\"3437\" data-end=\"3518\">Below are links for more information relating to the most commonly used browsers:<\/p><ul data-start=\"3520\" data-end=\"3615\"><li data-start=\"3520\" data-end=\"3541\"><p data-start=\"3522\" data-end=\"3541\">Internet Explorer<\/p><\/li><li data-start=\"3542\" data-end=\"3559\"><p data-start=\"3544\" data-end=\"3559\">Google Chrome<\/p><\/li><li data-start=\"3560\" data-end=\"3579\"><p data-start=\"3562\" data-end=\"3579\">Mozilla Firefox<\/p><\/li><li data-start=\"3580\" data-end=\"3590\"><p data-start=\"3582\" data-end=\"3590\">Safari<\/p><\/li><li data-start=\"3591\" data-end=\"3605\"><p data-start=\"3593\" data-end=\"3605\">Perplexity<\/p><\/li><li data-start=\"3606\" data-end=\"3615\"><p data-start=\"3608\" data-end=\"3615\">Atlas<\/p><\/li><\/ul><p data-start=\"3617\" data-end=\"3730\">Please note that disabling certain cookies may limit website functionality or hinder access to specific services.<\/p><hr data-start=\"3732\" data-end=\"3735\" \/><h2 data-start=\"3737\" data-end=\"3769\">Changes to the Cookies Policy<\/h2><p data-start=\"3771\" data-end=\"3903\">This cookies policy may be updated to comply with new legal requirements or guidelines issued by the Spanish Data Protection Agency.<\/p><p data-start=\"3905\" data-end=\"4098\">We therefore recommend that users review this policy periodically. Should any significant changes be made, registered users will be notified through a notice posted on the website or via email.<\/p><hr data-start=\"4100\" data-end=\"4103\" \/><h2 data-start=\"4105\" data-end=\"4138\">Additional Contact Information<\/h2><p data-start=\"4140\" data-end=\"4234\"><strong data-start=\"4140\" data-end=\"4172\">Customer Support Department:<\/strong> <a class=\"decorated-link cursor-pointer\" rel=\"noopener\" data-start=\"4173\" data-end=\"4197\">hola@spanishconirene.com<\/a><br data-start=\"4197\" data-end=\"4200\" \/><strong data-start=\"4200\" data-end=\"4219\">Business Hours:<\/strong> (client-hours)<\/p><hr data-start=\"4236\" data-end=\"4239\" \/><h2 data-start=\"4241\" data-end=\"4268\">Personal Data Processing<\/h2><p data-start=\"4270\" data-end=\"4384\"><strong data-start=\"4270\" data-end=\"4328\">Representative of the Data Controller (if applicable):<\/strong> CLIENT<br data-start=\"4335\" data-end=\"4338\" \/><strong data-start=\"4338\" data-end=\"4382\">Data Protection Officer (if applicable):<\/strong><\/p><p data-start=\"4386\" data-end=\"4417\">Email: <a class=\"decorated-link cursor-pointer\" rel=\"noopener\" data-start=\"4393\" data-end=\"4417\">hola@spanishconirene.com<\/a><\/p>\t\t\t\t\t\t\t\t<\/div>\n\t\t\t\t<\/div>\n\t\t\t\t\t<\/div>\n\t\t\t\t<\/div>\n\t\t\t\t<\/div>\n\t\t\t\t<\/div>\n\t\t\t\t\t\t<\/div>\n\t\t\t\t<\/div>\n\t\t\t\t\t<\/div>\n\t\t\t\t<\/div>\n\t\t\t\t<\/div>\n\t\t<div id=\"e-n-tab-content-2618354282\" role=\"tabpanel\" aria-labelledby=\"e-n-tab-title-2618354282\" data-tab-index=\"2\" style=\"--n-tabs-title-order: 2;\" class=\" elementor-element elementor-element-20cedf1 e-con-full e-flex e-con e-child\" data-id=\"20cedf1\" data-element_type=\"container\">\n\t\t<div class=\"elementor-element elementor-element-b1bc58f e-flex e-con-boxed e-con e-child\" data-id=\"b1bc58f\" data-element_type=\"container\">\n\t\t\t\t\t<div class=\"e-con-inner\">\n\t\t\t\t<div class=\"elementor-element elementor-element-24c706b elementor-widget elementor-widget-template\" data-id=\"24c706b\" data-element_type=\"widget\" data-widget_type=\"template.default\">\n\t\t\t\t<div class=\"elementor-widget-container\">\n\t\t\t\t\t\t\t<div class=\"elementor-template\">\n\t\t\t\t\t<div data-elementor-type=\"page\" data-elementor-id=\"1168\" class=\"elementor elementor-1168\" data-elementor-post-type=\"elementor_library\">\n\t\t\t\t<div class=\"elementor-element elementor-element-607f1f58 e-flex e-con-boxed e-con e-parent\" data-id=\"607f1f58\" data-element_type=\"container\">\n\t\t\t\t\t<div class=\"e-con-inner\">\n\t\t<div class=\"elementor-element elementor-element-3249ac3c e-con-full e-flex e-con e-child\" data-id=\"3249ac3c\" data-element_type=\"container\">\n\t\t\t\t<div class=\"elementor-element elementor-element-56ee87a5 elementor-widget elementor-widget-heading\" data-id=\"56ee87a5\" data-element_type=\"widget\" data-widget_type=\"heading.default\">\n\t\t\t\t\t<span class=\"elementor-heading-title elementor-size-default\">Cookies<\/span>\t\t\t\t<\/div>\n\t\t\t\t<\/div>\n\t\t<div class=\"elementor-element elementor-element-56eefad6 e-con-full e-flex e-con e-child\" data-id=\"56eefad6\" data-element_type=\"container\">\n\t\t\t\t<div class=\"elementor-element elementor-element-53df3e0e elementor-widget elementor-widget-text-editor\" data-id=\"53df3e0e\" data-element_type=\"widget\" data-widget_type=\"text-editor.default\">\n\t\t\t\t\t\t\t\t\t<h3><strong>\u00bfQu\u00e9 son las cookies?<\/strong><\/h3><p>Las cookies son archivos que se descargan en su dispositivo al acceder a ciertas p\u00e1ginas web. Estas permiten, entre otras cosas, almacenar y recuperar informaci\u00f3n sobre los h\u00e1bitos de navegaci\u00f3n del usuario o de su equipo.<\/p><p>Adem\u00e1s, mejoran el proceso de navegaci\u00f3n, ya que posibilitan que la p\u00e1gina web ofrezca informaci\u00f3n personalizada en funci\u00f3n del uso que realice el usuario.<\/p><p>Si no desea recibir cookies, puede configurar su navegador de Internet para que las elimine del disco duro de su dispositivo, las bloquee o le avise antes de instalarlas.<\/p><p>Para continuar navegando sin cambiar la configuraci\u00f3n de las cookies, simplemente mant\u00e9ngase en la p\u00e1gina web.<\/p><p>Consentimiento Las cookies que utilizamos no almacenan datos personales, ni informaci\u00f3n que pueda identificarle, salvo que se registre voluntariamente para utilizar los servicios ofrecidos en el sitio web o recibir informaci\u00f3n promocional.<\/p><p>Al acceder por primera vez a nuestra web, se mostrar\u00e1 un banner explicativo sobre el uso de cookies. Si contin\u00faa navegando, se entiende que acepta el uso de cookies descritas en esta pol\u00edtica y en las condiciones especificadas.<\/p><p>Este consentimiento tiene una validez de 13 meses. Si no est\u00e1 de acuerdo, puede enviarnos un correo a (email-cliente).<\/p><p><strong>Tipos y finalidad de las cookies<\/strong><\/p><p><strong>Seg\u00fan su duraci\u00f3n: <\/strong><\/p><ul><li>Cookies de sesi\u00f3n:\u00a0Recogen y almacenan datos mientras el usuario accede a la web. Se eliminan al cerrar el navegador.<\/li><li>Cookies persistentes:\u00a0Los datos permanecen almacenados en el dispositivo del usuario durante un tiempo definido, que puede variar entre minutos y varios a\u00f1os.<\/li><\/ul><p><strong>Seg\u00fan su finalidad: <\/strong><\/p><ul><li>Cookies t\u00e9cnicas:\u00a0Permiten la navegaci\u00f3n y el uso de las diferentes funcionalidades de la web (acceso a \u00e1reas restringidas, proceso de compra, uso de elementos de seguridad, etc.).<\/li><li>Cookies de personalizaci\u00f3n:\u00a0Facilitan el acceso al servicio con caracter\u00edsticas espec\u00edficas seg\u00fan el dispositivo o las preferencias del usuario (idioma, configuraci\u00f3n regional, tipo de navegador).<\/li><li>Cookies de an\u00e1lisis:\u00a0Recogen datos sobre el comportamiento de los usuarios para analizar el uso de la web y mejorar los servicios ofrecidos.<\/li><li>Cookies publicitarias:\u00a0Gestionan de forma eficiente los espacios publicitarios del sitio web, bas\u00e1ndose en criterios como la frecuencia de visualizaci\u00f3n de los anuncios.<\/li><li>Cookies de publicidad comportamental:\u00a0Almacenan informaci\u00f3n sobre los h\u00e1bitos de navegaci\u00f3n del usuario, creando un perfil para ofrecer publicidad personalizada.<\/li><\/ul><p>C\u00f3mo bloquear o eliminar las cookies instaladas Puede configurar las opciones de su navegador para permitir, bloquear o eliminar las cookies instaladas en su dispositivo.<\/p><p>A continuaci\u00f3n, incluimos enlaces con informaci\u00f3n para los navegadores m\u00e1s comunes:<\/p><ul><li><a href=\"https:\/\/support.microsoft.com\/es-es\/help\/17442\">Explorer<\/a><\/li><li><a href=\"https:\/\/support.google.com\/accounts\/answer\/61416?hl=es&amp;co=GENIE.Platform%3DDesktop\">Chrome<\/a><\/li><li><a href=\"https:\/\/support.mozilla.org\/es\/kb\/habilitar-y-deshabilitar-cookies-sitios-web-rastrear-preferencias\">Firefox<\/a><\/li><li><a href=\"https:\/\/support.apple.com\/es-es\/guide\/safari\/sfri11471\/mac\">Safari<\/a><\/li><li><a href=\"https:\/\/www.perplexity.ai\/es\/comet\/resources\/articles\/preguntas-frecuentes-sobre-privacidad-y-seguridad-de-datos-en-comet\">Perplexity<\/a><\/li><li><a href=\"https:\/\/openai.com\/es-ES\/index\/introducing-chatgpt-atlas\/\">Atlas<\/a><\/li><\/ul><p>Le recordamos que la desactivaci\u00f3n de algunas cookies podr\u00eda dificultar la navegaci\u00f3n o el acceso a ciertos servicios de la web.<\/p><p>Modificaciones de la pol\u00edtica de cookies Esta pol\u00edtica puede ser modificada en funci\u00f3n de cambios legales o para adaptarse a las directrices de la Agencia Espa\u00f1ola de Protecci\u00f3n de Datos. Por ello, recomendamos a los usuarios revisar esta pol\u00edtica peri\u00f3dicamente. Cuando se realicen cambios significativos, informaremos a los usuarios registrados mediante un aviso en la web o un correo electr\u00f3nico<\/p><p><strong>Informaci\u00f3n Adicional del Contacto Departamento de Atenci\u00f3n al Cliente<\/strong>:\u00a0<\/p><p>Horario de Atenci\u00f3n: (horario-cliente)<\/p><p>Datos Relacionados con el Tratamiento de Datos Personales Representante del Responsable del Tratamiento (si aplica): <strong>CLIENTE<\/strong><\/p><p>Delegado de Protecci\u00f3n de Datos (si aplica):<\/p><ul><li>(email-cliente)<\/li><\/ul>\t\t\t\t\t\t\t\t<\/div>\n\t\t\t\t<\/div>\n\t\t\t\t\t<\/div>\n\t\t\t\t<\/div>\n\t\t\t\t<\/div>\n\t\t\t\t<\/div>\n\t\t\t\t\t\t<\/div>\n\t\t\t\t<\/div>\n\t\t\t\t\t<\/div>\n\t\t\t\t<\/div>\n\t\t\t\t<\/div>\n\t\t\t\t\t<\/div>\n\t\t<\/div>\n\t\t\t\t\t\t<\/div>\n\t\t\t\t<\/div>\n\t\t\t\t<\/div>\n\t\t","protected":false},"excerpt":{"rendered":"<p>Cookies English Cookies Espa\u00f1ol Cookies Policy What Are Cookies? Cookies are files that are downloaded to your device when you access certain websites. They allow, among other purposes, the storage and retrieval of information about the browsing habits of a user or their device. Cookies may also improve the navigation experience by enabling the website [&hellip;]<\/p>\n","protected":false},"author":2,"featured_media":0,"parent":0,"menu_order":0,"comment_status":"closed","ping_status":"closed","template":"","meta":{"footnotes":""},"class_list":["post-1159","page","type-page","status-publish","hentry"],"yoast_head":"<!-- This site is optimized with the Yoast SEO plugin v27.3 - https:\/\/yoast.com\/product\/yoast-seo-wordpress\/ -->\n<title>Cookies - Spanish con Irene<\/title>\n<meta name=\"robots\" content=\"index, follow, max-snippet:-1, max-image-preview:large, max-video-preview:-1\" \/>\n<link rel=\"canonical\" href=\"https:\/\/spanishconirene.com\/index.php\/cookies\/\" \/>\n<meta property=\"og:locale\" content=\"en_US\" \/>\n<meta property=\"og:type\" content=\"article\" \/>\n<meta property=\"og:title\" content=\"Cookies - Spanish con Irene\" \/>\n<meta property=\"og:description\" content=\"Cookies English Cookies Espa\u00f1ol Cookies Policy What Are Cookies? Cookies are files that are downloaded to your device when you access certain websites. They allow, among other purposes, the storage and retrieval of information about the browsing habits of a user or their device. Cookies may also improve the navigation experience by enabling the website [&hellip;]\" \/>\n<meta property=\"og:url\" content=\"https:\/\/spanishconirene.com\/index.php\/cookies\/\" \/>\n<meta property=\"og:site_name\" content=\"Spanish con Irene\" \/>\n<meta property=\"article:modified_time\" content=\"2025-12-04T17:34:00+00:00\" \/>\n<meta name=\"twitter:card\" content=\"summary_large_image\" \/>\n<meta name=\"twitter:label1\" content=\"Est. reading time\" \/>\n\t<meta name=\"twitter:data1\" content=\"5 minutes\" \/>\n<script type=\"application\/ld+json\" class=\"yoast-schema-graph\">{\"@context\":\"https:\\\/\\\/schema.org\",\"@graph\":[{\"@type\":\"WebPage\",\"@id\":\"https:\\\/\\\/spanishconirene.com\\\/index.php\\\/cookies\\\/\",\"url\":\"https:\\\/\\\/spanishconirene.com\\\/index.php\\\/cookies\\\/\",\"name\":\"Cookies - Spanish con Irene\",\"isPartOf\":{\"@id\":\"https:\\\/\\\/spanishconirene.com\\\/#website\"},\"datePublished\":\"2025-12-04T17:30:28+00:00\",\"dateModified\":\"2025-12-04T17:34:00+00:00\",\"breadcrumb\":{\"@id\":\"https:\\\/\\\/spanishconirene.com\\\/index.php\\\/cookies\\\/#breadcrumb\"},\"inLanguage\":\"en-US\",\"potentialAction\":[{\"@type\":\"ReadAction\",\"target\":[\"https:\\\/\\\/spanishconirene.com\\\/index.php\\\/cookies\\\/\"]}]},{\"@type\":\"BreadcrumbList\",\"@id\":\"https:\\\/\\\/spanishconirene.com\\\/index.php\\\/cookies\\\/#breadcrumb\",\"itemListElement\":[{\"@type\":\"ListItem\",\"position\":1,\"name\":\"Home\",\"item\":\"https:\\\/\\\/spanishconirene.com\\\/\"},{\"@type\":\"ListItem\",\"position\":2,\"name\":\"Cookies\"}]},{\"@type\":\"WebSite\",\"@id\":\"https:\\\/\\\/spanishconirene.com\\\/#website\",\"url\":\"https:\\\/\\\/spanishconirene.com\\\/\",\"name\":\"Spanish con Irene\",\"description\":\"\",\"publisher\":{\"@id\":\"https:\\\/\\\/spanishconirene.com\\\/#organization\"},\"potentialAction\":[{\"@type\":\"SearchAction\",\"target\":{\"@type\":\"EntryPoint\",\"urlTemplate\":\"https:\\\/\\\/spanishconirene.com\\\/?s={search_term_string}\"},\"query-input\":{\"@type\":\"PropertyValueSpecification\",\"valueRequired\":true,\"valueName\":\"search_term_string\"}}],\"inLanguage\":\"en-US\"},{\"@type\":\"Organization\",\"@id\":\"https:\\\/\\\/spanishconirene.com\\\/#organization\",\"name\":\"Spanish con Irene\",\"url\":\"https:\\\/\\\/spanishconirene.com\\\/\",\"logo\":{\"@type\":\"ImageObject\",\"inLanguage\":\"en-US\",\"@id\":\"https:\\\/\\\/spanishconirene.com\\\/#\\\/schema\\\/logo\\\/image\\\/\",\"url\":\"https:\\\/\\\/spanishconirene.com\\\/wp-content\\\/uploads\\\/2025\\\/11\\\/cropped-Logo-SpanishIrene-1.png\",\"contentUrl\":\"https:\\\/\\\/spanishconirene.com\\\/wp-content\\\/uploads\\\/2025\\\/11\\\/cropped-Logo-SpanishIrene-1.png\",\"width\":375,\"height\":107,\"caption\":\"Spanish con Irene\"},\"image\":{\"@id\":\"https:\\\/\\\/spanishconirene.com\\\/#\\\/schema\\\/logo\\\/image\\\/\"}}]}<\/script>\n<!-- \/ Yoast SEO plugin. -->","yoast_head_json":{"title":"Cookies - Spanish con Irene","robots":{"index":"index","follow":"follow","max-snippet":"max-snippet:-1","max-image-preview":"max-image-preview:large","max-video-preview":"max-video-preview:-1"},"canonical":"https:\/\/spanishconirene.com\/index.php\/cookies\/","og_locale":"en_US","og_type":"article","og_title":"Cookies - Spanish con Irene","og_description":"Cookies English Cookies Espa\u00f1ol Cookies Policy What Are Cookies? Cookies are files that are downloaded to your device when you access certain websites. They allow, among other purposes, the storage and retrieval of information about the browsing habits of a user or their device. Cookies may also improve the navigation experience by enabling the website [&hellip;]","og_url":"https:\/\/spanishconirene.com\/index.php\/cookies\/","og_site_name":"Spanish con Irene","article_modified_time":"2025-12-04T17:34:00+00:00","twitter_card":"summary_large_image","twitter_misc":{"Est. reading time":"5 minutes"},"schema":{"@context":"https:\/\/schema.org","@graph":[{"@type":"WebPage","@id":"https:\/\/spanishconirene.com\/index.php\/cookies\/","url":"https:\/\/spanishconirene.com\/index.php\/cookies\/","name":"Cookies - Spanish con Irene","isPartOf":{"@id":"https:\/\/spanishconirene.com\/#website"},"datePublished":"2025-12-04T17:30:28+00:00","dateModified":"2025-12-04T17:34:00+00:00","breadcrumb":{"@id":"https:\/\/spanishconirene.com\/index.php\/cookies\/#breadcrumb"},"inLanguage":"en-US","potentialAction":[{"@type":"ReadAction","target":["https:\/\/spanishconirene.com\/index.php\/cookies\/"]}]},{"@type":"BreadcrumbList","@id":"https:\/\/spanishconirene.com\/index.php\/cookies\/#breadcrumb","itemListElement":[{"@type":"ListItem","position":1,"name":"Home","item":"https:\/\/spanishconirene.com\/"},{"@type":"ListItem","position":2,"name":"Cookies"}]},{"@type":"WebSite","@id":"https:\/\/spanishconirene.com\/#website","url":"https:\/\/spanishconirene.com\/","name":"Spanish con Irene","description":"","publisher":{"@id":"https:\/\/spanishconirene.com\/#organization"},"potentialAction":[{"@type":"SearchAction","target":{"@type":"EntryPoint","urlTemplate":"https:\/\/spanishconirene.com\/?s={search_term_string}"},"query-input":{"@type":"PropertyValueSpecification","valueRequired":true,"valueName":"search_term_string"}}],"inLanguage":"en-US"},{"@type":"Organization","@id":"https:\/\/spanishconirene.com\/#organization","name":"Spanish con Irene","url":"https:\/\/spanishconirene.com\/","logo":{"@type":"ImageObject","inLanguage":"en-US","@id":"https:\/\/spanishconirene.com\/#\/schema\/logo\/image\/","url":"https:\/\/spanishconirene.com\/wp-content\/uploads\/2025\/11\/cropped-Logo-SpanishIrene-1.png","contentUrl":"https:\/\/spanishconirene.com\/wp-content\/uploads\/2025\/11\/cropped-Logo-SpanishIrene-1.png","width":375,"height":107,"caption":"Spanish con Irene"},"image":{"@id":"https:\/\/spanishconirene.com\/#\/schema\/logo\/image\/"}}]}},"_links":{"self":[{"href":"https:\/\/spanishconirene.com\/index.php\/wp-json\/wp\/v2\/pages\/1159","targetHints":{"allow":["GET"]}}],"collection":[{"href":"https:\/\/spanishconirene.com\/index.php\/wp-json\/wp\/v2\/pages"}],"about":[{"href":"https:\/\/spanishconirene.com\/index.php\/wp-json\/wp\/v2\/types\/page"}],"author":[{"embeddable":true,"href":"https:\/\/spanishconirene.com\/index.php\/wp-json\/wp\/v2\/users\/2"}],"replies":[{"embeddable":true,"href":"https:\/\/spanishconirene.com\/index.php\/wp-json\/wp\/v2\/comments?post=1159"}],"version-history":[{"count":7,"href":"https:\/\/spanishconirene.com\/index.php\/wp-json\/wp\/v2\/pages\/1159\/revisions"}],"predecessor-version":[{"id":1173,"href":"https:\/\/spanishconirene.com\/index.php\/wp-json\/wp\/v2\/pages\/1159\/revisions\/1173"}],"wp:attachment":[{"href":"https:\/\/spanishconirene.com\/index.php\/wp-json\/wp\/v2\/media?parent=1159"}],"curies":[{"name":"wp","href":"https:\/\/api.w.org\/{rel}","templated":true}]}}