{"id":270,"date":"2025-11-17T15:08:43","date_gmt":"2025-11-17T14:08:43","guid":{"rendered":"https:\/\/spanishconirene.com\/?page_id=270"},"modified":"2026-04-09T11:17:25","modified_gmt":"2026-04-09T09:17:25","slug":"homev2","status":"publish","type":"page","link":"https:\/\/spanishconirene.com\/","title":{"rendered":"Homev2"},"content":{"rendered":"\t\t<div data-elementor-type=\"wp-page\" data-elementor-id=\"270\" class=\"elementor elementor-270\" data-elementor-post-type=\"page\">\n\t\t\t\t<div class=\"elementor-element elementor-element-2b849ff e-flex e-con-boxed e-con e-parent\" data-id=\"2b849ff\" data-element_type=\"container\" data-settings=\"{&quot;background_background&quot;:&quot;classic&quot;,&quot;background_motion_fx_motion_fx_scrolling&quot;:&quot;yes&quot;,&quot;background_motion_fx_devices&quot;:[&quot;desktop&quot;,&quot;tablet&quot;,&quot;mobile&quot;]}\">\n\t\t\t\t\t<div class=\"e-con-inner\">\n\t\t<div class=\"elementor-element elementor-element-273eccf e-con-full e-flex e-con e-child\" data-id=\"273eccf\" data-element_type=\"container\">\n\t\t<div class=\"elementor-element elementor-element-bba0a56 e-con-full e-flex e-con e-child\" data-id=\"bba0a56\" data-element_type=\"container\">\n\t\t\t\t<div class=\"elementor-element elementor-element-aa9f866 elementor-invisible elementor-widget elementor-widget-heading\" data-id=\"aa9f866\" data-element_type=\"widget\" data-settings=\"{&quot;_animation&quot;:&quot;fadeIn&quot;,&quot;_animation_delay&quot;:200}\" data-widget_type=\"heading.default\">\n\t\t\t\t\t<h1 class=\"elementor-heading-title elementor-size-default\">Let\u2019s make Spanish your thing <\/h1>\t\t\t\t<\/div>\n\t\t\t\t<div class=\"elementor-element elementor-element-99c6a71 elementor-widget__width-initial elementor-widget-tablet__width-initial elementor-hidden-mobile elementor-invisible elementor-widget elementor-widget-text-editor\" data-id=\"99c6a71\" data-element_type=\"widget\" data-settings=\"{&quot;_animation&quot;:&quot;fadeIn&quot;,&quot;_animation_delay&quot;:400}\" data-widget_type=\"text-editor.default\">\n\t\t\t\t\t\t\t\t\t<p>\u00a1Hola! I\u2019m Irene\u2014Madrid-born Spanish teacher and language enthusiast.<br \/>If learning Spanish feels like grinding gears, let\u2019s shift into a new kind of learning.<\/p><div id=\"trails-highlight-shadow-host\" style=\"position: fixed; top: 0px; left: 0px; width: 100%; height: 100%; pointer-events: none; z-index: 2147483646;\">\u00a0<\/div><div id=\"trails-highlight-shadow-host\" style=\"position: fixed; top: 0px; left: 0px; width: 100%; height: 100%; pointer-events: none; z-index: 2147483646;\">\u00a0<\/div>\t\t\t\t\t\t\t\t<\/div>\n\t\t<div class=\"elementor-element elementor-element-47b27ce e-con-full e-flex e-con e-child\" data-id=\"47b27ce\" data-element_type=\"container\">\n\t\t\t\t<div class=\"elementor-element elementor-element-83a7bb2 elementor-widget elementor-widget-button\" data-id=\"83a7bb2\" data-element_type=\"widget\" data-settings=\"{&quot;_animation&quot;:&quot;none&quot;,&quot;_animation_delay&quot;:700}\" data-widget_type=\"button.default\">\n\t\t\t\t\t\t\t\t\t\t<a class=\"elementor-button elementor-button-link elementor-size-sm\" href=\"https:\/\/spanishconirene.com\/index.php\/book-a-session\/\">\n\t\t\t\t\t\t<span class=\"elementor-button-content-wrapper\">\n\t\t\t\t\t\t\t\t\t<span class=\"elementor-button-text\">Grab a 50\u2011min class (\u20ac45)<\/span>\n\t\t\t\t\t<\/span>\n\t\t\t\t\t<\/a>\n\t\t\t\t\t\t\t\t<\/div>\n\t\t\t\t<\/div>\n\t\t\t\t<\/div>\n\t\t\t\t<\/div>\n\t\t\t\t\t<\/div>\n\t\t\t\t<\/div>\n\t\t<div class=\"elementor-element elementor-element-b1fdb49 e-flex e-con-boxed e-con e-parent\" data-id=\"b1fdb49\" data-element_type=\"container\">\n\t\t\t\t\t<div class=\"e-con-inner\">\n\t\t\t\t<div class=\"elementor-element elementor-element-f937434 elementor-widget__width-initial elementor-widget-tablet__width-initial elementor-hidden-desktop elementor-hidden-tablet elementor-invisible elementor-widget elementor-widget-text-editor\" data-id=\"f937434\" data-element_type=\"widget\" data-settings=\"{&quot;_animation&quot;:&quot;fadeIn&quot;,&quot;_animation_delay&quot;:400}\" data-widget_type=\"text-editor.default\">\n\t\t\t\t\t\t\t\t\t\n\u00a1Hola! I\u2019m Irene\u2014Madrid-born Spanish teacher and language enthusiast.\nIf learning Spanish feels like grinding gears, let\u2019s shift into a new kind of learning.\t\t\t\t\t\t\t\t<\/div>\n\t\t\t\t\t<\/div>\n\t\t\t\t<\/div>\n\t\t<div class=\"elementor-element elementor-element-0604c73 e-flex e-con-boxed e-con e-parent\" data-id=\"0604c73\" data-element_type=\"container\" data-settings=\"{&quot;background_background&quot;:&quot;classic&quot;}\">\n\t\t\t\t\t<div class=\"e-con-inner\">\n\t\t<div class=\"elementor-element elementor-element-5bcf9fd e-con-full e-flex e-con e-child\" data-id=\"5bcf9fd\" data-element_type=\"container\">\n\t\t\t\t<div class=\"elementor-element elementor-element-48a8340 elementor-invisible elementor-widget elementor-widget-heading\" data-id=\"48a8340\" data-element_type=\"widget\" data-settings=\"{&quot;_animation&quot;:&quot;fadeIn&quot;,&quot;_animation_delay&quot;:200}\" data-widget_type=\"heading.default\">\n\t\t\t\t\t<p class=\"elementor-heading-title elementor-size-default\">I don\u2019t just teach grammar or drill vocabulary. <\/p>\t\t\t\t<\/div>\n\t\t<div class=\"elementor-element elementor-element-ef05ea9 e-con-full e-flex e-con e-child\" data-id=\"ef05ea9\" data-element_type=\"container\">\n\t\t\t\t<div class=\"elementor-element elementor-element-1a23324 elementor-widget__width-initial elementor-widget-tablet__width-initial elementor-widget-mobile__width-initial elementor-invisible elementor-widget elementor-widget-text-editor\" data-id=\"1a23324\" data-element_type=\"widget\" data-settings=\"{&quot;_animation&quot;:&quot;fadeIn&quot;,&quot;_animation_delay&quot;:400}\" data-widget_type=\"text-editor.default\">\n\t\t\t\t\t\t\t\t\t<p>My 1\u2011to\u20111 online sessions are built on Comprehensible Input and story-driven conversation, meaning you absorb Spanish the way your brain naturally prefers: by understanding messages first, not memorizing rules.<\/p><p>This isn\u2019t traditional language learning. It\u2019s personal, brain-friendly, and stress-free. \ud83d\udc9b<\/p><div id=\"trails-highlight-shadow-host\" style=\"position: fixed; top: 0px; left: 0px; width: 100%; height: 100%; pointer-events: none; z-index: 2147483646;\">\u00a0<\/div>\t\t\t\t\t\t\t\t<\/div>\n\t\t\t\t<\/div>\n\t\t\t\t<\/div>\n\t\t\t\t\t<\/div>\n\t\t\t\t<\/div>\n\t\t<div class=\"elementor-element elementor-element-3ef04b1 e-con-full e-flex elementor-invisible e-con e-child\" data-id=\"3ef04b1\" data-element_type=\"container\" data-settings=\"{&quot;background_background&quot;:&quot;classic&quot;,&quot;animation&quot;:&quot;fadeIn&quot;,&quot;animation_delay&quot;:500}\">\n\t\t<div class=\"elementor-element elementor-element-84f904a e-con-full e-flex e-con e-child\" data-id=\"84f904a\" data-element_type=\"container\">\n\t\t\t\t<div class=\"elementor-element elementor-element-655c99d elementor-invisible elementor-widget elementor-widget-heading\" data-id=\"655c99d\" data-element_type=\"widget\" data-settings=\"{&quot;_animation&quot;:&quot;fadeIn&quot;,&quot;_animation_delay&quot;:200}\" data-widget_type=\"heading.default\">\n\t\t\t\t\t<h2 class=\"elementor-heading-title elementor-size-default\">\ud83d\udca1 Specialized in Second Language Acquisition<\/h2>\t\t\t\t<\/div>\n\t\t\t\t<div class=\"elementor-element elementor-element-9316c6e elementor-widget__width-initial elementor-widget-tablet__width-initial elementor-widget-mobile__width-initial elementor-invisible elementor-widget elementor-widget-text-editor\" data-id=\"9316c6e\" data-element_type=\"widget\" data-settings=\"{&quot;_animation&quot;:&quot;fadeIn&quot;,&quot;_animation_delay&quot;:400}\" data-widget_type=\"text-editor.default\">\n\t\t\t\t\t\t\t\t\t<p>Feel like Spanish is ghosting you? Want to express yourself but keep hitting a wall? You\u2019re in the right place.<br \/>We\u2019ll use <strong>Comprehensible Input and personalized storytelling<\/strong>, two proven, brain\u2011friendly methods that help you understand first, so speaking comes naturally (and confidently).<\/p><p>\ud83c\udfaf No forced output. No grammar overwhelm.<\/p><p>\ud83c\udfa7 Just Spanish that clicks, through your interests, stories, and real conversation that grows with you.<\/p>\t\t\t\t\t\t\t\t<\/div>\n\t\t\t\t<div class=\"elementor-element elementor-element-3b76c0b elementor-widget__width-initial elementor-widget-tablet__width-initial elementor-widget-mobile__width-initial elementor-invisible elementor-widget elementor-widget-text-editor\" data-id=\"3b76c0b\" data-element_type=\"widget\" data-settings=\"{&quot;_animation&quot;:&quot;fadeIn&quot;,&quot;_animation_delay&quot;:400}\" data-widget_type=\"text-editor.default\">\n\t\t\t\t\t\t\t\t\t<p>Ready to actually enjoy learning Spanish and feel it flow for real?<\/p><div id=\"trails-highlight-shadow-host\" style=\"position: fixed; top: 0px; left: 0px; width: 100%; height: 100%; pointer-events: none; z-index: 2147483646;\">\u00a0<\/div>\t\t\t\t\t\t\t\t<\/div>\n\t\t\t\t<div class=\"elementor-element elementor-element-afcc50b elementor-widget__width-inherit elementor-widget elementor-widget-text-editor\" data-id=\"afcc50b\" data-element_type=\"widget\" data-widget_type=\"text-editor.default\">\n\t\t\t\t\t\t\t\t\t<strong>Real conversation that grows with you:\n<\/strong>\t\t\t\t\t\t\t\t<\/div>\n\t\t\t\t<div class=\"elementor-element elementor-element-c9eb59e elementor-widget elementor-widget-button\" data-id=\"c9eb59e\" data-element_type=\"widget\" data-widget_type=\"button.default\">\n\t\t\t\t\t\t\t\t\t\t<a class=\"elementor-button elementor-button-link elementor-size-sm\" href=\"#\">\n\t\t\t\t\t\t<span class=\"elementor-button-content-wrapper\">\n\t\t\t\t\t\t\t\t\t<span class=\"elementor-button-text\">Comprehensible Input<\/span>\n\t\t\t\t\t<\/span>\n\t\t\t\t\t<\/a>\n\t\t\t\t\t\t\t\t<\/div>\n\t\t\t\t<div class=\"elementor-element elementor-element-6b52aa1 elementor-widget elementor-widget-button\" data-id=\"6b52aa1\" data-element_type=\"widget\" data-widget_type=\"button.default\">\n\t\t\t\t\t\t\t\t\t\t<a class=\"elementor-button elementor-button-link elementor-size-sm\" href=\"#\">\n\t\t\t\t\t\t<span class=\"elementor-button-content-wrapper\">\n\t\t\t\t\t\t\t\t\t<span class=\"elementor-button-text\">personalized storytelling<\/span>\n\t\t\t\t\t<\/span>\n\t\t\t\t\t<\/a>\n\t\t\t\t\t\t\t\t<\/div>\n\t\t\t\t<\/div>\n\t\t\t\t<div class=\"elementor-element elementor-element-09a791d elementor-widget__width-initial elementor-widget-tablet__width-initial elementor-widget elementor-widget-image\" data-id=\"09a791d\" data-element_type=\"widget\" data-widget_type=\"image.default\">\n\t\t\t\t\t\t\t\t\t\t\t\t\t\t\t<img fetchpriority=\"high\" decoding=\"async\" width=\"683\" height=\"1024\" src=\"https:\/\/spanishconirene.com\/wp-content\/uploads\/2025\/11\/IMG_2308-683x1024.jpg\" class=\"attachment-large size-large wp-image-123\" alt=\"\" srcset=\"https:\/\/spanishconirene.com\/wp-content\/uploads\/2025\/11\/IMG_2308-683x1024.jpg 683w, https:\/\/spanishconirene.com\/wp-content\/uploads\/2025\/11\/IMG_2308-200x300.jpg 200w, https:\/\/spanishconirene.com\/wp-content\/uploads\/2025\/11\/IMG_2308-768x1152.jpg 768w, https:\/\/spanishconirene.com\/wp-content\/uploads\/2025\/11\/IMG_2308-1024x1536.jpg 1024w, https:\/\/spanishconirene.com\/wp-content\/uploads\/2025\/11\/IMG_2308-1365x2048.jpg 1365w, https:\/\/spanishconirene.com\/wp-content\/uploads\/2025\/11\/IMG_2308-scaled.jpg 1707w\" sizes=\"(max-width: 683px) 100vw, 683px\" \/>\t\t\t\t\t\t\t\t\t\t\t\t\t\t\t<\/div>\n\t\t\t\t<div class=\"elementor-element elementor-element-ccd705c elementor-align-justify elementor-widget__width-inherit elementor-widget elementor-widget-button\" data-id=\"ccd705c\" data-element_type=\"widget\" data-widget_type=\"button.default\">\n\t\t\t\t\t\t\t\t\t\t<a class=\"elementor-button elementor-button-link elementor-size-sm\" href=\"https:\/\/spanishconirene.com\/index.php\/book-a-session\/\">\n\t\t\t\t\t\t<span class=\"elementor-button-content-wrapper\">\n\t\t\t\t\t\t<span class=\"elementor-button-icon\">\n\t\t\t\t<i aria-hidden=\"true\" class=\"icon icon-right-arrow\"><\/i>\t\t\t<\/span>\n\t\t\t\t\t\t\t\t\t<span class=\"elementor-button-text\">Your first lesson is just a click away. \u261d\ufe0f<\/span>\n\t\t\t\t\t<\/span>\n\t\t\t\t\t<\/a>\n\t\t\t\t\t\t\t\t<\/div>\n\t\t\t\t<\/div>\n\t\t\t\t<\/div>\n\t\t","protected":false},"excerpt":{"rendered":"<p>Let\u2019s make Spanish your thing \u00a1Hola! I\u2019m Irene\u2014Madrid-born Spanish teacher and language enthusiast. If learning Spanish feels like grinding gears, let\u2019s shift into a new kind of learning. Grab a 50\u2011min class (\u20ac45) \u00a1Hola! I\u2019m Irene\u2014Madrid-born Spanish teacher and language enthusiast. If learning Spanish feels like grinding gears, let\u2019s shift into a new kind of [&hellip;]<\/p>\n","protected":false},"author":1,"featured_media":0,"parent":0,"menu_order":0,"comment_status":"closed","ping_status":"closed","template":"","meta":{"footnotes":""},"class_list":["post-270","page","type-page","status-publish","hentry"],"yoast_head":"<!-- This site is optimized with the Yoast SEO plugin v27.3 - https:\/\/yoast.com\/product\/yoast-seo-wordpress\/ -->\n<title>Profesora de espa\u00f1ol nativa | Spanish con Irene<\/title>\n<meta name=\"description\" content=\"Aprende con una profesora de espa\u00f1ol nativa. Clases din\u00e1micas, personalizadas y adaptadas a tu nivel para mejorar tu comunicaci\u00f3n desde el primer d\u00eda\" \/>\n<meta name=\"robots\" content=\"index, follow, max-snippet:-1, max-image-preview:large, max-video-preview:-1\" \/>\n<link rel=\"canonical\" href=\"https:\/\/spanishconirene.com\/\" \/>\n<meta property=\"og:locale\" content=\"en_US\" \/>\n<meta property=\"og:type\" content=\"article\" \/>\n<meta property=\"og:title\" content=\"Profesora de espa\u00f1ol nativa | Spanish con Irene\" \/>\n<meta property=\"og:description\" content=\"Aprende con una profesora de espa\u00f1ol nativa. Clases din\u00e1micas, personalizadas y adaptadas a tu nivel para mejorar tu comunicaci\u00f3n desde el primer d\u00eda\" \/>\n<meta property=\"og:url\" content=\"https:\/\/spanishconirene.com\/\" \/>\n<meta property=\"og:site_name\" content=\"Spanish con Irene\" \/>\n<meta property=\"article:modified_time\" content=\"2026-04-09T09:17:25+00:00\" \/>\n<meta property=\"og:image\" content=\"https:\/\/spanishconirene.com\/wp-content\/uploads\/2025\/11\/IMG_2308-683x1024.jpg\" \/>\n<meta name=\"twitter:card\" content=\"summary_large_image\" \/>\n<meta name=\"twitter:label1\" content=\"Est. reading time\" \/>\n\t<meta name=\"twitter:data1\" content=\"2 minutes\" \/>\n<script type=\"application\/ld+json\" class=\"yoast-schema-graph\">{\"@context\":\"https:\\\/\\\/schema.org\",\"@graph\":[{\"@type\":\"WebPage\",\"@id\":\"https:\\\/\\\/spanishconirene.com\\\/\",\"url\":\"https:\\\/\\\/spanishconirene.com\\\/\",\"name\":\"Profesora de espa\u00f1ol nativa | Spanish con Irene\",\"isPartOf\":{\"@id\":\"https:\\\/\\\/spanishconirene.com\\\/#website\"},\"primaryImageOfPage\":{\"@id\":\"https:\\\/\\\/spanishconirene.com\\\/#primaryimage\"},\"image\":{\"@id\":\"https:\\\/\\\/spanishconirene.com\\\/#primaryimage\"},\"thumbnailUrl\":\"https:\\\/\\\/spanishconirene.com\\\/wp-content\\\/uploads\\\/2025\\\/11\\\/IMG_2308-683x1024.jpg\",\"datePublished\":\"2025-11-17T14:08:43+00:00\",\"dateModified\":\"2026-04-09T09:17:25+00:00\",\"description\":\"Aprende con una profesora de espa\u00f1ol nativa. Clases din\u00e1micas, personalizadas y adaptadas a tu nivel para mejorar tu comunicaci\u00f3n desde el primer d\u00eda\",\"breadcrumb\":{\"@id\":\"https:\\\/\\\/spanishconirene.com\\\/#breadcrumb\"},\"inLanguage\":\"en-US\",\"potentialAction\":[{\"@type\":\"ReadAction\",\"target\":[\"https:\\\/\\\/spanishconirene.com\\\/\"]}]},{\"@type\":\"ImageObject\",\"inLanguage\":\"en-US\",\"@id\":\"https:\\\/\\\/spanishconirene.com\\\/#primaryimage\",\"url\":\"https:\\\/\\\/spanishconirene.com\\\/wp-content\\\/uploads\\\/2025\\\/11\\\/IMG_2308-scaled.jpg\",\"contentUrl\":\"https:\\\/\\\/spanishconirene.com\\\/wp-content\\\/uploads\\\/2025\\\/11\\\/IMG_2308-scaled.jpg\",\"width\":1707,\"height\":2560},{\"@type\":\"BreadcrumbList\",\"@id\":\"https:\\\/\\\/spanishconirene.com\\\/#breadcrumb\",\"itemListElement\":[{\"@type\":\"ListItem\",\"position\":1,\"name\":\"Home\",\"item\":\"https:\\\/\\\/spanishconirene.com\\\/\"},{\"@type\":\"ListItem\",\"position\":2,\"name\":\"Homev2\"}]},{\"@type\":\"WebSite\",\"@id\":\"https:\\\/\\\/spanishconirene.com\\\/#website\",\"url\":\"https:\\\/\\\/spanishconirene.com\\\/\",\"name\":\"Spanish con Irene\",\"description\":\"\",\"publisher\":{\"@id\":\"https:\\\/\\\/spanishconirene.com\\\/#organization\"},\"potentialAction\":[{\"@type\":\"SearchAction\",\"target\":{\"@type\":\"EntryPoint\",\"urlTemplate\":\"https:\\\/\\\/spanishconirene.com\\\/?s={search_term_string}\"},\"query-input\":{\"@type\":\"PropertyValueSpecification\",\"valueRequired\":true,\"valueName\":\"search_term_string\"}}],\"inLanguage\":\"en-US\"},{\"@type\":\"Organization\",\"@id\":\"https:\\\/\\\/spanishconirene.com\\\/#organization\",\"name\":\"Spanish con Irene\",\"url\":\"https:\\\/\\\/spanishconirene.com\\\/\",\"logo\":{\"@type\":\"ImageObject\",\"inLanguage\":\"en-US\",\"@id\":\"https:\\\/\\\/spanishconirene.com\\\/#\\\/schema\\\/logo\\\/image\\\/\",\"url\":\"https:\\\/\\\/spanishconirene.com\\\/wp-content\\\/uploads\\\/2025\\\/11\\\/cropped-Logo-SpanishIrene-1.png\",\"contentUrl\":\"https:\\\/\\\/spanishconirene.com\\\/wp-content\\\/uploads\\\/2025\\\/11\\\/cropped-Logo-SpanishIrene-1.png\",\"width\":375,\"height\":107,\"caption\":\"Spanish con Irene\"},\"image\":{\"@id\":\"https:\\\/\\\/spanishconirene.com\\\/#\\\/schema\\\/logo\\\/image\\\/\"}}]}<\/script>\n<!-- \/ Yoast SEO plugin. -->","yoast_head_json":{"title":"Profesora de espa\u00f1ol nativa | Spanish con Irene","description":"Aprende con una profesora de espa\u00f1ol nativa. Clases din\u00e1micas, personalizadas y adaptadas a tu nivel para mejorar tu comunicaci\u00f3n desde el primer d\u00eda","robots":{"index":"index","follow":"follow","max-snippet":"max-snippet:-1","max-image-preview":"max-image-preview:large","max-video-preview":"max-video-preview:-1"},"canonical":"https:\/\/spanishconirene.com\/","og_locale":"en_US","og_type":"article","og_title":"Profesora de espa\u00f1ol nativa | Spanish con Irene","og_description":"Aprende con una profesora de espa\u00f1ol nativa. Clases din\u00e1micas, personalizadas y adaptadas a tu nivel para mejorar tu comunicaci\u00f3n desde el primer d\u00eda","og_url":"https:\/\/spanishconirene.com\/","og_site_name":"Spanish con Irene","article_modified_time":"2026-04-09T09:17:25+00:00","og_image":[{"url":"https:\/\/spanishconirene.com\/wp-content\/uploads\/2025\/11\/IMG_2308-683x1024.jpg","type":"","width":"","height":""}],"twitter_card":"summary_large_image","twitter_misc":{"Est. reading time":"2 minutes"},"schema":{"@context":"https:\/\/schema.org","@graph":[{"@type":"WebPage","@id":"https:\/\/spanishconirene.com\/","url":"https:\/\/spanishconirene.com\/","name":"Profesora de espa\u00f1ol nativa | Spanish con Irene","isPartOf":{"@id":"https:\/\/spanishconirene.com\/#website"},"primaryImageOfPage":{"@id":"https:\/\/spanishconirene.com\/#primaryimage"},"image":{"@id":"https:\/\/spanishconirene.com\/#primaryimage"},"thumbnailUrl":"https:\/\/spanishconirene.com\/wp-content\/uploads\/2025\/11\/IMG_2308-683x1024.jpg","datePublished":"2025-11-17T14:08:43+00:00","dateModified":"2026-04-09T09:17:25+00:00","description":"Aprende con una profesora de espa\u00f1ol nativa. Clases din\u00e1micas, personalizadas y adaptadas a tu nivel para mejorar tu comunicaci\u00f3n desde el primer d\u00eda","breadcrumb":{"@id":"https:\/\/spanishconirene.com\/#breadcrumb"},"inLanguage":"en-US","potentialAction":[{"@type":"ReadAction","target":["https:\/\/spanishconirene.com\/"]}]},{"@type":"ImageObject","inLanguage":"en-US","@id":"https:\/\/spanishconirene.com\/#primaryimage","url":"https:\/\/spanishconirene.com\/wp-content\/uploads\/2025\/11\/IMG_2308-scaled.jpg","contentUrl":"https:\/\/spanishconirene.com\/wp-content\/uploads\/2025\/11\/IMG_2308-scaled.jpg","width":1707,"height":2560},{"@type":"BreadcrumbList","@id":"https:\/\/spanishconirene.com\/#breadcrumb","itemListElement":[{"@type":"ListItem","position":1,"name":"Home","item":"https:\/\/spanishconirene.com\/"},{"@type":"ListItem","position":2,"name":"Homev2"}]},{"@type":"WebSite","@id":"https:\/\/spanishconirene.com\/#website","url":"https:\/\/spanishconirene.com\/","name":"Spanish con Irene","description":"","publisher":{"@id":"https:\/\/spanishconirene.com\/#organization"},"potentialAction":[{"@type":"SearchAction","target":{"@type":"EntryPoint","urlTemplate":"https:\/\/spanishconirene.com\/?s={search_term_string}"},"query-input":{"@type":"PropertyValueSpecification","valueRequired":true,"valueName":"search_term_string"}}],"inLanguage":"en-US"},{"@type":"Organization","@id":"https:\/\/spanishconirene.com\/#organization","name":"Spanish con Irene","url":"https:\/\/spanishconirene.com\/","logo":{"@type":"ImageObject","inLanguage":"en-US","@id":"https:\/\/spanishconirene.com\/#\/schema\/logo\/image\/","url":"https:\/\/spanishconirene.com\/wp-content\/uploads\/2025\/11\/cropped-Logo-SpanishIrene-1.png","contentUrl":"https:\/\/spanishconirene.com\/wp-content\/uploads\/2025\/11\/cropped-Logo-SpanishIrene-1.png","width":375,"height":107,"caption":"Spanish con Irene"},"image":{"@id":"https:\/\/spanishconirene.com\/#\/schema\/logo\/image\/"}}]}},"_links":{"self":[{"href":"https:\/\/spanishconirene.com\/index.php\/wp-json\/wp\/v2\/pages\/270","targetHints":{"allow":["GET"]}}],"collection":[{"href":"https:\/\/spanishconirene.com\/index.php\/wp-json\/wp\/v2\/pages"}],"about":[{"href":"https:\/\/spanishconirene.com\/index.php\/wp-json\/wp\/v2\/types\/page"}],"author":[{"embeddable":true,"href":"https:\/\/spanishconirene.com\/index.php\/wp-json\/wp\/v2\/users\/1"}],"replies":[{"embeddable":true,"href":"https:\/\/spanishconirene.com\/index.php\/wp-json\/wp\/v2\/comments?post=270"}],"version-history":[{"count":191,"href":"https:\/\/spanishconirene.com\/index.php\/wp-json\/wp\/v2\/pages\/270\/revisions"}],"predecessor-version":[{"id":1246,"href":"https:\/\/spanishconirene.com\/index.php\/wp-json\/wp\/v2\/pages\/270\/revisions\/1246"}],"wp:attachment":[{"href":"https:\/\/spanishconirene.com\/index.php\/wp-json\/wp\/v2\/media?parent=270"}],"curies":[{"name":"wp","href":"https:\/\/api.w.org\/{rel}","templated":true}]}}