{"id":377,"date":"2025-11-17T15:32:15","date_gmt":"2025-11-17T14:32:15","guid":{"rendered":"https:\/\/spanishconirene.com\/?page_id=377"},"modified":"2026-04-09T11:18:20","modified_gmt":"2026-04-09T09:18:20","slug":"classes","status":"publish","type":"page","link":"https:\/\/spanishconirene.com\/index.php\/classes\/","title":{"rendered":"Classes"},"content":{"rendered":"\t\t<div data-elementor-type=\"wp-page\" data-elementor-id=\"377\" class=\"elementor elementor-377\" data-elementor-post-type=\"page\">\n\t\t\t\t<div class=\"elementor-element elementor-element-b644b01 e-flex e-con-boxed e-con e-parent\" data-id=\"b644b01\" data-element_type=\"container\" data-settings=\"{&quot;background_background&quot;:&quot;gradient&quot;}\">\n\t\t\t\t\t<div class=\"e-con-inner\">\n\t\t<div class=\"elementor-element elementor-element-fcde579 e-con-full e-flex e-con e-child\" data-id=\"fcde579\" data-element_type=\"container\">\n\t\t<div class=\"elementor-element elementor-element-3b7c6ce e-con-full e-flex e-con e-child\" data-id=\"3b7c6ce\" data-element_type=\"container\">\n\t\t<div class=\"elementor-element elementor-element-a59ac2c e-con-full elementor-hidden-desktop elementor-hidden-tablet elementor-hidden-mobile e-flex elementor-invisible e-con e-child\" data-id=\"a59ac2c\" data-element_type=\"container\" data-settings=\"{&quot;animation&quot;:&quot;fadeIn&quot;}\">\n\t\t\t\t<div class=\"elementor-element elementor-element-855a923 elementor-widget elementor-widget-image\" data-id=\"855a923\" data-element_type=\"widget\" data-widget_type=\"image.default\">\n\t\t\t\t\t\t\t\t\t\t\t\t\t\t\t<img decoding=\"async\" src=\"https:\/\/spanishconirene.com\/wp-content\/uploads\/2025\/11\/collage-of-happy-multiracial-people-faces-on-gray1-UBNG9AE.jpg\" title=\"\" alt=\"\" loading=\"lazy\" \/>\t\t\t\t\t\t\t\t\t\t\t\t\t\t\t<\/div>\n\t\t\t\t<div class=\"elementor-element elementor-element-86e9974 elementor-widget elementor-widget-image\" data-id=\"86e9974\" data-element_type=\"widget\" data-widget_type=\"image.default\">\n\t\t\t\t\t\t\t\t\t\t\t\t\t\t\t<img decoding=\"async\" src=\"https:\/\/spanishconirene.com\/wp-content\/uploads\/2025\/11\/collage-of-happy-multiracial-people-faces-on-gray2-UBNG9AE.jpg\" title=\"\" alt=\"\" loading=\"lazy\" \/>\t\t\t\t\t\t\t\t\t\t\t\t\t\t\t<\/div>\n\t\t\t\t<div class=\"elementor-element elementor-element-0eed321 elementor-widget elementor-widget-image\" data-id=\"0eed321\" data-element_type=\"widget\" data-widget_type=\"image.default\">\n\t\t\t\t\t\t\t\t\t\t\t\t\t\t\t<img decoding=\"async\" src=\"https:\/\/spanishconirene.com\/wp-content\/uploads\/2025\/11\/collage-of-happy-multiracial-people-faces-on-gray9-UBNG9AE.jpg\" title=\"\" alt=\"\" loading=\"lazy\" \/>\t\t\t\t\t\t\t\t\t\t\t\t\t\t\t<\/div>\n\t\t\t\t<div class=\"elementor-element elementor-element-557873b elementor-widget elementor-widget-image\" data-id=\"557873b\" data-element_type=\"widget\" data-widget_type=\"image.default\">\n\t\t\t\t\t\t\t\t\t\t\t\t\t\t\t<img decoding=\"async\" src=\"https:\/\/spanishconirene.com\/wp-content\/uploads\/2025\/11\/collage-of-happy-multiracial-people-faces-on-gray8-UBNG9AE.jpg\" title=\"\" alt=\"\" loading=\"lazy\" \/>\t\t\t\t\t\t\t\t\t\t\t\t\t\t\t<\/div>\n\t\t\t\t<div class=\"elementor-element elementor-element-9078199 elementor-widget elementor-widget-text-editor\" data-id=\"9078199\" data-element_type=\"widget\" data-widget_type=\"text-editor.default\">\n\t\t\t\t\t\t\t\t\t<p>Trusted by 8k+ people<\/p>\t\t\t\t\t\t\t\t<\/div>\n\t\t\t\t<\/div>\n\t\t\t\t<div class=\"elementor-element elementor-element-bd058ef elementor-invisible elementor-widget elementor-widget-heading\" data-id=\"bd058ef\" data-element_type=\"widget\" data-settings=\"{&quot;_animation&quot;:&quot;fadeIn&quot;,&quot;_animation_delay&quot;:200}\" data-widget_type=\"heading.default\">\n\t\t\t\t\t<h1 class=\"elementor-heading-title elementor-size-default\">One clear option<\/h1>\t\t\t\t<\/div>\n\t\t\t\t<div class=\"elementor-element elementor-element-c5f9318 elementor-widget__width-initial elementor-widget-tablet__width-initial elementor-invisible elementor-widget elementor-widget-text-editor\" data-id=\"c5f9318\" data-element_type=\"widget\" data-settings=\"{&quot;_animation&quot;:&quot;fadeIn&quot;,&quot;_animation_delay&quot;:400}\" data-widget_type=\"text-editor.default\">\n\t\t\t\t\t\t\t\t\t<p>That\u2019s it.\u00a0 No confusing bundles or silver\u2011gold\u2011platinum packages.<\/p><p>One clear option you can fit around work, kids, or spontaneous weekend trips.<\/p><div id=\"trails-highlight-shadow-host\" style=\"position: fixed; top: 0px; left: 0px; width: 100%; height: 100%; pointer-events: none; z-index: 2147483646;\">\u00a0<\/div>\t\t\t\t\t\t\t\t<\/div>\n\t\t<div class=\"elementor-element elementor-element-c76d6e8 e-con-full e-flex e-con e-child\" data-id=\"c76d6e8\" data-element_type=\"container\">\n\t\t\t\t<div class=\"elementor-element elementor-element-6eaefcb elementor-widget elementor-widget-button\" data-id=\"6eaefcb\" data-element_type=\"widget\" data-settings=\"{&quot;_animation&quot;:&quot;none&quot;,&quot;_animation_delay&quot;:700}\" data-widget_type=\"button.default\">\n\t\t\t\t\t\t\t\t\t\t<a class=\"elementor-button elementor-button-link elementor-size-sm\" href=\"https:\/\/spanishconirene.com\/index.php\/book-a-session\/\">\n\t\t\t\t\t\t<span class=\"elementor-button-content-wrapper\">\n\t\t\t\t\t\t\t\t\t<span class=\"elementor-button-text\">Grab a 50\u2011min class (\u20ac45)<\/span>\n\t\t\t\t\t<\/span>\n\t\t\t\t\t<\/a>\n\t\t\t\t\t\t\t\t<\/div>\n\t\t\t\t<\/div>\n\t\t\t\t<\/div>\n\t\t<div class=\"elementor-element elementor-element-f239e97 e-con-full e-flex elementor-invisible e-con e-child\" data-id=\"f239e97\" data-element_type=\"container\" data-settings=\"{&quot;background_background&quot;:&quot;classic&quot;,&quot;animation&quot;:&quot;fadeIn&quot;,&quot;animation_delay&quot;:600}\">\n\t\t<div class=\"elementor-element elementor-element-e373f3e e-con-full e-flex e-con e-child\" data-id=\"e373f3e\" data-element_type=\"container\" data-settings=\"{&quot;background_background&quot;:&quot;classic&quot;}\">\n\t\t\t\t<div class=\"elementor-element elementor-element-abd2587 elementor-widget elementor-widget-button\" data-id=\"abd2587\" data-element_type=\"widget\" data-widget_type=\"button.default\">\n\t\t\t\t\t\t\t\t\t\t<a class=\"elementor-button elementor-button-link elementor-size-sm\" href=\"#\">\n\t\t\t\t\t\t<span class=\"elementor-button-content-wrapper\">\n\t\t\t\t\t\t\t\t\t<span class=\"elementor-button-text\">Private Online Lesson<\/span>\n\t\t\t\t\t<\/span>\n\t\t\t\t\t<\/a>\n\t\t\t\t\t\t\t\t<\/div>\n\t\t\t\t<div class=\"elementor-element elementor-element-79f025b elementor-widget elementor-widget-button\" data-id=\"79f025b\" data-element_type=\"widget\" data-widget_type=\"button.default\">\n\t\t\t\t\t\t\t\t\t\t<a class=\"elementor-button elementor-button-link elementor-size-sm\" href=\"#\">\n\t\t\t\t\t\t<span class=\"elementor-button-content-wrapper\">\n\t\t\t\t\t\t\t\t\t<span class=\"elementor-button-text\">50 min \/ \u20ac45<\/span>\n\t\t\t\t\t<\/span>\n\t\t\t\t\t<\/a>\n\t\t\t\t\t\t\t\t<\/div>\n\t\t\t\t<\/div>\n\t\t\t\t<\/div>\n\t\t\t\t<\/div>\n\t\t\t\t\t<\/div>\n\t\t\t\t<\/div>\n\t\t<div class=\"elementor-element elementor-element-c1fb885 e-con-full e-flex e-con e-parent\" data-id=\"c1fb885\" data-element_type=\"container\" data-settings=\"{&quot;background_background&quot;:&quot;classic&quot;}\">\n\t\t<div class=\"elementor-element elementor-element-d7cbdc6 e-con-full e-flex elementor-invisible e-con e-child\" data-id=\"d7cbdc6\" data-element_type=\"container\" data-settings=\"{&quot;animation&quot;:&quot;slideInLeft&quot;,&quot;background_background&quot;:&quot;classic&quot;}\">\n\t\t\t\t<div class=\"elementor-element elementor-element-4bbcefc elementor-widget__width-initial elementor-widget-mobile__width-initial elementor-widget elementor-widget-heading\" data-id=\"4bbcefc\" data-element_type=\"widget\" data-widget_type=\"heading.default\">\n\t\t\t\t\t<h2 class=\"elementor-heading-title elementor-size-default\">Why students stay<\/h2>\t\t\t\t<\/div>\n\t\t\t\t<\/div>\n\t\t\t\t<\/div>\n\t\t<div class=\"elementor-element elementor-element-f8b391d e-con-full e-flex e-con e-parent\" data-id=\"f8b391d\" data-element_type=\"container\" data-settings=\"{&quot;background_background&quot;:&quot;classic&quot;}\">\n\t\t<div class=\"elementor-element elementor-element-2e68465 e-con-full e-flex e-con e-child\" data-id=\"2e68465\" data-element_type=\"container\">\n\t\t<div class=\"elementor-element elementor-element-8aa3e2a e-con-full e-flex e-con e-child\" data-id=\"8aa3e2a\" data-element_type=\"container\">\n\t\t<div class=\"elementor-element elementor-element-4ec25a3 e-con-full e-flex e-con e-child\" data-id=\"4ec25a3\" data-element_type=\"container\" data-settings=\"{&quot;background_background&quot;:&quot;classic&quot;}\">\n\t\t\t\t<div class=\"elementor-element elementor-element-c310f20 elementor-invisible elementor-widget elementor-widget-heading\" data-id=\"c310f20\" data-element_type=\"widget\" data-settings=\"{&quot;_animation&quot;:&quot;fadeIn&quot;,&quot;_animation_delay&quot;:200}\" data-widget_type=\"heading.default\">\n\t\t\t\t\t<h2 class=\"elementor-heading-title elementor-size-default\">\u2728 Built around you<\/h2>\t\t\t\t<\/div>\n\t\t\t\t<div class=\"elementor-element elementor-element-2c6d734 elementor-widget elementor-widget-heading\" data-id=\"2c6d734\" data-element_type=\"widget\" data-widget_type=\"heading.default\">\n\t\t\t\t\t<p class=\"elementor-heading-title elementor-size-default\">Every lesson is personalized to your goals, interests, and pace, because Spanish should fit your life, not the other way around.<\/p>\t\t\t\t<\/div>\n\t\t\t\t<\/div>\n\t\t\t\t<\/div>\n\t\t\t\t<\/div>\n\t\t<div class=\"elementor-element elementor-element-99bfa4c e-con-full e-flex e-con e-child\" data-id=\"99bfa4c\" data-element_type=\"container\">\n\t\t<div class=\"elementor-element elementor-element-505db7f e-con-full e-flex e-con e-child\" data-id=\"505db7f\" data-element_type=\"container\">\n\t\t<div class=\"elementor-element elementor-element-748a337 e-con-full e-flex e-con e-child\" data-id=\"748a337\" data-element_type=\"container\" data-settings=\"{&quot;background_background&quot;:&quot;classic&quot;}\">\n\t\t\t\t<div class=\"elementor-element elementor-element-a1b8190 elementor-invisible elementor-widget elementor-widget-heading\" data-id=\"a1b8190\" data-element_type=\"widget\" data-settings=\"{&quot;_animation&quot;:&quot;fadeIn&quot;,&quot;_animation_delay&quot;:200}\" data-widget_type=\"heading.default\">\n\t\t\t\t\t<h2 class=\"elementor-heading-title elementor-size-default\">\ud83e\udde0 Brain-smart learning<\/h2>\t\t\t\t<\/div>\n\t\t\t\t<div class=\"elementor-element elementor-element-a771b8e elementor-widget elementor-widget-heading\" data-id=\"a771b8e\" data-element_type=\"widget\" data-widget_type=\"heading.default\">\n\t\t\t\t\t<p class=\"elementor-heading-title elementor-size-default\">We use Comprehensible Input and TPRS storytelling, methods backed by research to help Spanish stick naturally, without memorization or drills.<\/p>\t\t\t\t<\/div>\n\t\t\t\t<\/div>\n\t\t\t\t<\/div>\n\t\t\t\t<\/div>\n\t\t<div class=\"elementor-element elementor-element-8a94d76 e-con-full e-flex e-con e-child\" data-id=\"8a94d76\" data-element_type=\"container\">\n\t\t<div class=\"elementor-element elementor-element-fbcb8d3 e-con-full e-flex e-con e-child\" data-id=\"fbcb8d3\" data-element_type=\"container\">\n\t\t<div class=\"elementor-element elementor-element-df03875 e-con-full e-flex e-con e-child\" data-id=\"df03875\" data-element_type=\"container\" data-settings=\"{&quot;background_background&quot;:&quot;classic&quot;}\">\n\t\t\t\t<div class=\"elementor-element elementor-element-a1670f0 elementor-invisible elementor-widget elementor-widget-heading\" data-id=\"a1670f0\" data-element_type=\"widget\" data-settings=\"{&quot;_animation&quot;:&quot;fadeIn&quot;,&quot;_animation_delay&quot;:200}\" data-widget_type=\"heading.default\">\n\t\t\t\t\t<h2 class=\"elementor-heading-title elementor-size-default\">\ud83d\udc9b Zero pressure zone<\/h2>\t\t\t\t<\/div>\n\t\t\t\t<div class=\"elementor-element elementor-element-c5d3f77 elementor-widget elementor-widget-heading\" data-id=\"c5d3f77\" data-element_type=\"widget\" data-widget_type=\"heading.default\">\n\t\t\t\t\t<p class=\"elementor-heading-title elementor-size-default\">Mistakes are not just allowed, they\u2019re expected. That\u2019s how real learning happens. We celebrate progress, not perfection.<\/p>\t\t\t\t<\/div>\n\t\t\t\t<\/div>\n\t\t\t\t<\/div>\n\t\t\t\t<\/div>\n\t\t\t\t<\/div>\n\t\t<div class=\"elementor-element elementor-element-ad422e9 e-flex e-con-boxed e-con e-parent\" data-id=\"ad422e9\" data-element_type=\"container\">\n\t\t\t\t\t<div class=\"e-con-inner\">\n\t\t\t\t<div class=\"elementor-element elementor-element-0cc7129 elementor-widget elementor-widget-heading\" data-id=\"0cc7129\" data-element_type=\"widget\" data-widget_type=\"heading.default\">\n\t\t\t\t\t<p class=\"elementor-heading-title elementor-size-default\"><a href=\"https:\/\/spanishconirene.com\/?fluent-booking=calendar&#038;host=admin-1763550390&#038;event=50min\" target=\"_blank\">\ud83d\uddd3\ufe0f Peek at my calendar \u2192<\/a><\/p>\t\t\t\t<\/div>\n\t\t\t\t\t<\/div>\n\t\t\t\t<\/div>\n\t\t<div class=\"elementor-element elementor-element-d60cb4e e-flex e-con-boxed e-con e-parent\" data-id=\"d60cb4e\" data-element_type=\"container\">\n\t\t\t\t\t<div class=\"e-con-inner\">\n\t\t\t\t<div class=\"elementor-element elementor-element-ffbf5ec elementor-widget elementor-widget-text-editor\" data-id=\"ffbf5ec\" data-element_type=\"widget\" data-widget_type=\"text-editor.default\">\n\t\t\t\t\t\t\t\t\t<div class=\"fcal_cal_wrap fcal-light-mode\">\n    <div class=\"fluent_booking_app\" data-calendar_id=\"1\"\n         data-event_id=\"1\"><\/div>\n    <\/div>\n\n<style>\n    .fcal_phone_wrapper .flag {\n        background: url(https:\/\/spanishconirene.com\/wp-content\/plugins\/fluent-booking\/assets\/images\/flags_responsive.png) no-repeat;\n        background-size: 100%;\n    }\n<\/style>\n\t\t\t\t\t\t\t\t<\/div>\n\t\t\t\t\t<\/div>\n\t\t\t\t<\/div>\n\t\t\t\t<\/div>\n\t\t","protected":false},"excerpt":{"rendered":"<p>Trusted by 8k+ people One clear option That\u2019s it.\u00a0 No confusing bundles or silver\u2011gold\u2011platinum packages. One clear option you can fit around work, kids, or spontaneous weekend trips. Grab a 50\u2011min class (\u20ac45) Private Online Lesson 50 min \/ \u20ac45 Why students stay \u2728 Built around you Every lesson is personalized to your goals, interests, [&hellip;]<\/p>\n","protected":false},"author":1,"featured_media":0,"parent":0,"menu_order":0,"comment_status":"closed","ping_status":"closed","template":"elementor_header_footer","meta":{"footnotes":""},"class_list":["post-377","page","type-page","status-publish","hentry"],"yoast_head":"<!-- This site is optimized with the Yoast SEO plugin v27.3 - https:\/\/yoast.com\/product\/yoast-seo-wordpress\/ -->\n<title>Clases particulares de espa\u00f1ol | Spanish con Irene<\/title>\n<meta name=\"description\" content=\"Reserva clases particulares de espa\u00f1ol adaptadas a tu nivel. Aprende de forma pr\u00e1ctica, flexible y personalizada con Spanish con Irene.\" \/>\n<meta name=\"robots\" content=\"index, follow, max-snippet:-1, max-image-preview:large, max-video-preview:-1\" \/>\n<link rel=\"canonical\" href=\"https:\/\/spanishconirene.com\/index.php\/classes\/\" \/>\n<meta property=\"og:locale\" content=\"en_US\" \/>\n<meta property=\"og:type\" content=\"article\" \/>\n<meta property=\"og:title\" content=\"Clases particulares de espa\u00f1ol | Spanish con Irene\" \/>\n<meta property=\"og:description\" content=\"Reserva clases particulares de espa\u00f1ol adaptadas a tu nivel. Aprende de forma pr\u00e1ctica, flexible y personalizada con Spanish con Irene.\" \/>\n<meta property=\"og:url\" content=\"https:\/\/spanishconirene.com\/index.php\/classes\/\" \/>\n<meta property=\"og:site_name\" content=\"Spanish con Irene\" \/>\n<meta property=\"article:modified_time\" content=\"2026-04-09T09:18:20+00:00\" \/>\n<meta property=\"og:image\" content=\"https:\/\/spanishconirene.com\/wp-content\/uploads\/2025\/11\/collage-of-happy-multiracial-people-faces-on-gray1-UBNG9AE.jpg\" \/>\n<meta name=\"twitter:card\" content=\"summary_large_image\" \/>\n<meta name=\"twitter:label1\" content=\"Est. reading time\" \/>\n\t<meta name=\"twitter:data1\" content=\"2 minutes\" \/>\n<script type=\"application\/ld+json\" class=\"yoast-schema-graph\">{\"@context\":\"https:\\\/\\\/schema.org\",\"@graph\":[{\"@type\":\"WebPage\",\"@id\":\"https:\\\/\\\/spanishconirene.com\\\/index.php\\\/classes\\\/\",\"url\":\"https:\\\/\\\/spanishconirene.com\\\/index.php\\\/classes\\\/\",\"name\":\"Clases particulares de espa\u00f1ol | Spanish con Irene\",\"isPartOf\":{\"@id\":\"https:\\\/\\\/spanishconirene.com\\\/#website\"},\"primaryImageOfPage\":{\"@id\":\"https:\\\/\\\/spanishconirene.com\\\/index.php\\\/classes\\\/#primaryimage\"},\"image\":{\"@id\":\"https:\\\/\\\/spanishconirene.com\\\/index.php\\\/classes\\\/#primaryimage\"},\"thumbnailUrl\":\"https:\\\/\\\/spanishconirene.com\\\/wp-content\\\/uploads\\\/2025\\\/11\\\/collage-of-happy-multiracial-people-faces-on-gray1-UBNG9AE.jpg\",\"datePublished\":\"2025-11-17T14:32:15+00:00\",\"dateModified\":\"2026-04-09T09:18:20+00:00\",\"description\":\"Reserva clases particulares de espa\u00f1ol adaptadas a tu nivel. Aprende de forma pr\u00e1ctica, flexible y personalizada con Spanish con Irene.\",\"breadcrumb\":{\"@id\":\"https:\\\/\\\/spanishconirene.com\\\/index.php\\\/classes\\\/#breadcrumb\"},\"inLanguage\":\"en-US\",\"potentialAction\":[{\"@type\":\"ReadAction\",\"target\":[\"https:\\\/\\\/spanishconirene.com\\\/index.php\\\/classes\\\/\"]}]},{\"@type\":\"ImageObject\",\"inLanguage\":\"en-US\",\"@id\":\"https:\\\/\\\/spanishconirene.com\\\/index.php\\\/classes\\\/#primaryimage\",\"url\":\"https:\\\/\\\/spanishconirene.com\\\/wp-content\\\/uploads\\\/2025\\\/11\\\/collage-of-happy-multiracial-people-faces-on-gray1-UBNG9AE.jpg\",\"contentUrl\":\"https:\\\/\\\/spanishconirene.com\\\/wp-content\\\/uploads\\\/2025\\\/11\\\/collage-of-happy-multiracial-people-faces-on-gray1-UBNG9AE.jpg\"},{\"@type\":\"BreadcrumbList\",\"@id\":\"https:\\\/\\\/spanishconirene.com\\\/index.php\\\/classes\\\/#breadcrumb\",\"itemListElement\":[{\"@type\":\"ListItem\",\"position\":1,\"name\":\"Home\",\"item\":\"https:\\\/\\\/spanishconirene.com\\\/\"},{\"@type\":\"ListItem\",\"position\":2,\"name\":\"Classes\"}]},{\"@type\":\"WebSite\",\"@id\":\"https:\\\/\\\/spanishconirene.com\\\/#website\",\"url\":\"https:\\\/\\\/spanishconirene.com\\\/\",\"name\":\"Spanish con Irene\",\"description\":\"\",\"publisher\":{\"@id\":\"https:\\\/\\\/spanishconirene.com\\\/#organization\"},\"potentialAction\":[{\"@type\":\"SearchAction\",\"target\":{\"@type\":\"EntryPoint\",\"urlTemplate\":\"https:\\\/\\\/spanishconirene.com\\\/?s={search_term_string}\"},\"query-input\":{\"@type\":\"PropertyValueSpecification\",\"valueRequired\":true,\"valueName\":\"search_term_string\"}}],\"inLanguage\":\"en-US\"},{\"@type\":\"Organization\",\"@id\":\"https:\\\/\\\/spanishconirene.com\\\/#organization\",\"name\":\"Spanish con Irene\",\"url\":\"https:\\\/\\\/spanishconirene.com\\\/\",\"logo\":{\"@type\":\"ImageObject\",\"inLanguage\":\"en-US\",\"@id\":\"https:\\\/\\\/spanishconirene.com\\\/#\\\/schema\\\/logo\\\/image\\\/\",\"url\":\"https:\\\/\\\/spanishconirene.com\\\/wp-content\\\/uploads\\\/2025\\\/11\\\/cropped-Logo-SpanishIrene-1.png\",\"contentUrl\":\"https:\\\/\\\/spanishconirene.com\\\/wp-content\\\/uploads\\\/2025\\\/11\\\/cropped-Logo-SpanishIrene-1.png\",\"width\":375,\"height\":107,\"caption\":\"Spanish con Irene\"},\"image\":{\"@id\":\"https:\\\/\\\/spanishconirene.com\\\/#\\\/schema\\\/logo\\\/image\\\/\"}}]}<\/script>\n<!-- \/ Yoast SEO plugin. -->","yoast_head_json":{"title":"Clases particulares de espa\u00f1ol | Spanish con Irene","description":"Reserva clases particulares de espa\u00f1ol adaptadas a tu nivel. Aprende de forma pr\u00e1ctica, flexible y personalizada con Spanish con Irene.","robots":{"index":"index","follow":"follow","max-snippet":"max-snippet:-1","max-image-preview":"max-image-preview:large","max-video-preview":"max-video-preview:-1"},"canonical":"https:\/\/spanishconirene.com\/index.php\/classes\/","og_locale":"en_US","og_type":"article","og_title":"Clases particulares de espa\u00f1ol | Spanish con Irene","og_description":"Reserva clases particulares de espa\u00f1ol adaptadas a tu nivel. Aprende de forma pr\u00e1ctica, flexible y personalizada con Spanish con Irene.","og_url":"https:\/\/spanishconirene.com\/index.php\/classes\/","og_site_name":"Spanish con Irene","article_modified_time":"2026-04-09T09:18:20+00:00","og_image":[{"url":"https:\/\/spanishconirene.com\/wp-content\/uploads\/2025\/11\/collage-of-happy-multiracial-people-faces-on-gray1-UBNG9AE.jpg","type":"","width":"","height":""}],"twitter_card":"summary_large_image","twitter_misc":{"Est. reading time":"2 minutes"},"schema":{"@context":"https:\/\/schema.org","@graph":[{"@type":"WebPage","@id":"https:\/\/spanishconirene.com\/index.php\/classes\/","url":"https:\/\/spanishconirene.com\/index.php\/classes\/","name":"Clases particulares de espa\u00f1ol | Spanish con Irene","isPartOf":{"@id":"https:\/\/spanishconirene.com\/#website"},"primaryImageOfPage":{"@id":"https:\/\/spanishconirene.com\/index.php\/classes\/#primaryimage"},"image":{"@id":"https:\/\/spanishconirene.com\/index.php\/classes\/#primaryimage"},"thumbnailUrl":"https:\/\/spanishconirene.com\/wp-content\/uploads\/2025\/11\/collage-of-happy-multiracial-people-faces-on-gray1-UBNG9AE.jpg","datePublished":"2025-11-17T14:32:15+00:00","dateModified":"2026-04-09T09:18:20+00:00","description":"Reserva clases particulares de espa\u00f1ol adaptadas a tu nivel. Aprende de forma pr\u00e1ctica, flexible y personalizada con Spanish con Irene.","breadcrumb":{"@id":"https:\/\/spanishconirene.com\/index.php\/classes\/#breadcrumb"},"inLanguage":"en-US","potentialAction":[{"@type":"ReadAction","target":["https:\/\/spanishconirene.com\/index.php\/classes\/"]}]},{"@type":"ImageObject","inLanguage":"en-US","@id":"https:\/\/spanishconirene.com\/index.php\/classes\/#primaryimage","url":"https:\/\/spanishconirene.com\/wp-content\/uploads\/2025\/11\/collage-of-happy-multiracial-people-faces-on-gray1-UBNG9AE.jpg","contentUrl":"https:\/\/spanishconirene.com\/wp-content\/uploads\/2025\/11\/collage-of-happy-multiracial-people-faces-on-gray1-UBNG9AE.jpg"},{"@type":"BreadcrumbList","@id":"https:\/\/spanishconirene.com\/index.php\/classes\/#breadcrumb","itemListElement":[{"@type":"ListItem","position":1,"name":"Home","item":"https:\/\/spanishconirene.com\/"},{"@type":"ListItem","position":2,"name":"Classes"}]},{"@type":"WebSite","@id":"https:\/\/spanishconirene.com\/#website","url":"https:\/\/spanishconirene.com\/","name":"Spanish con Irene","description":"","publisher":{"@id":"https:\/\/spanishconirene.com\/#organization"},"potentialAction":[{"@type":"SearchAction","target":{"@type":"EntryPoint","urlTemplate":"https:\/\/spanishconirene.com\/?s={search_term_string}"},"query-input":{"@type":"PropertyValueSpecification","valueRequired":true,"valueName":"search_term_string"}}],"inLanguage":"en-US"},{"@type":"Organization","@id":"https:\/\/spanishconirene.com\/#organization","name":"Spanish con Irene","url":"https:\/\/spanishconirene.com\/","logo":{"@type":"ImageObject","inLanguage":"en-US","@id":"https:\/\/spanishconirene.com\/#\/schema\/logo\/image\/","url":"https:\/\/spanishconirene.com\/wp-content\/uploads\/2025\/11\/cropped-Logo-SpanishIrene-1.png","contentUrl":"https:\/\/spanishconirene.com\/wp-content\/uploads\/2025\/11\/cropped-Logo-SpanishIrene-1.png","width":375,"height":107,"caption":"Spanish con Irene"},"image":{"@id":"https:\/\/spanishconirene.com\/#\/schema\/logo\/image\/"}}]}},"_links":{"self":[{"href":"https:\/\/spanishconirene.com\/index.php\/wp-json\/wp\/v2\/pages\/377","targetHints":{"allow":["GET"]}}],"collection":[{"href":"https:\/\/spanishconirene.com\/index.php\/wp-json\/wp\/v2\/pages"}],"about":[{"href":"https:\/\/spanishconirene.com\/index.php\/wp-json\/wp\/v2\/types\/page"}],"author":[{"embeddable":true,"href":"https:\/\/spanishconirene.com\/index.php\/wp-json\/wp\/v2\/users\/1"}],"replies":[{"embeddable":true,"href":"https:\/\/spanishconirene.com\/index.php\/wp-json\/wp\/v2\/comments?post=377"}],"version-history":[{"count":179,"href":"https:\/\/spanishconirene.com\/index.php\/wp-json\/wp\/v2\/pages\/377\/revisions"}],"predecessor-version":[{"id":1247,"href":"https:\/\/spanishconirene.com\/index.php\/wp-json\/wp\/v2\/pages\/377\/revisions\/1247"}],"wp:attachment":[{"href":"https:\/\/spanishconirene.com\/index.php\/wp-json\/wp\/v2\/media?parent=377"}],"curies":[{"name":"wp","href":"https:\/\/api.w.org\/{rel}","templated":true}]}}